{"id":84,"date":"2023-12-02T11:56:21","date_gmt":"2023-12-02T10:56:21","guid":{"rendered":"https:\/\/makeyourcake23.de\/?page_id=84"},"modified":"2024-08-14T11:08:43","modified_gmt":"2024-08-14T09:08:43","slug":"ueber-mich","status":"publish","type":"page","link":"https:\/\/makeyourcake23.de\/?page_id=84","title":{"rendered":"\u00dcber mich"},"content":{"rendered":"\n<p><\/p>\n\n\n\n<p class=\"has-text-align-center has-base-background-color has-background has-link-color has-dancing-script-font-family has-x-large-font-size wp-elements-74bf625ecdbf43f8d2b5fd12ba507040\" style=\"line-height:1.9;text-transform:none\">Hallo ich bin Ines,     <\/p>\n\n\n\n<p class=\"has-text-align-center has-link-color has-dancing-script-font-family has-x-large-font-size wp-elements-499e832f559de80ca27dc73384608424\" style=\"line-height:1.9;text-transform:none\">Mama von 2 Kindern und wohne mit meinem Mann J\u00fcrgen im sch\u00f6nen Werbach. In meiner Elternzeit habe ich mein Talent entdeckt Torten den besonderen Moment zu schenken, egal ob zum Geburtstag, zur goldenen Hochzeit oder einfach mal so als DANKESCH\u00d6N. Eine Torte geht immer, man sagt nicht umsonst &#8222;Liebe geht durch den Magen&#8220; . Immer wieder h\u00f6rte ich auf Familienfeiern &#8222;Ines, die sehen nicht nur wundersch\u00f6n aus, sondern schmecken auch noch super&#8220;. Aus diesem Grund habe ich mich  dazu entschieden verschiedene Kurse und Event\u00b4s anzubieten. Ich m\u00f6chte an meine Kursteilnehmer, Begeisterung f\u00fcr das was sie tun vermitteln. Entstanden ist &#8222;Make your Cake&#8220; Kurse, Catering und Events. <\/p>\n\n\n\n<p class=\"has-text-align-center has-dancing-script-font-family has-x-large-font-size\">Dies ist nun ein Teil von mir und ich bin stolz das ich die M\u00f6glichkeit bekommen habe anderen den gleichen WOW Moment zu schenken und sie gl\u00fccklich zu machen.<\/p>\n\n\n\n<p class=\"has-text-align-center has-dancing-script-font-family has-x-large-font-size\">Ich freue mich auf euch!<\/p>\n\n\n\n<figure class=\"wp-block-image aligncenter is-resized is-style-rounded wp-duotone-191919-ffffff-1\"><img decoding=\"async\" src=\"https:\/\/makeyourcake23.de\/wp-content\/uploads\/2023\/10\/20230920_134740-768x1024.jpg\" alt=\"\" style=\"aspect-ratio:0.75;object-fit:cover;width:133px;height:auto\"\/><\/figure>\n\n\n\n<p class=\"has-text-align-center has-dancing-script-font-family has-x-large-font-size\">Eure Ines <\/p>\n","protected":false},"excerpt":{"rendered":"<p>Hallo ich bin Ines, Mama von 2 Kindern und wohne mit meinem Mann J\u00fcrgen im sch\u00f6nen Werbach. In meiner Elternzeit habe ich mein Talent entdeckt Torten den besonderen Moment zu [&hellip;]<\/p>\n","protected":false},"author":1,"featured_media":0,"parent":0,"menu_order":1,"comment_status":"closed","ping_status":"closed","template":"","meta":{"pgc_sgb_lightbox_settings":"","_EventAllDay":false,"_EventTimezone":"","_EventStartDate":"","_EventEndDate":"","_EventStartDateUTC":"","_EventEndDateUTC":"","_EventShowMap":false,"_EventShowMapLink":false,"_EventURL":"","_EventCost":"","_EventCostDescription":"","_EventCurrencySymbol":"","_EventCurrencyCode":"","_EventCurrencyPosition":"","_EventDateTimeSeparator":"","_EventTimeRangeSeparator":"","_EventOrganizerID":[],"_EventVenueID":[],"_OrganizerEmail":"","_OrganizerPhone":"","_OrganizerWebsite":"","_VenueAddress":"","_VenueCity":"","_VenueCountry":"","_VenueProvince":"","_VenueState":"","_VenueZip":"","_VenuePhone":"","_VenueURL":"","_VenueStateProvince":"","_VenueLat":"","_VenueLng":"","_VenueShowMap":false,"_VenueShowMapLink":false,"footnotes":""},"class_list":["post-84","page","type-page","status-publish","hentry"],"jetpack_sharing_enabled":true,"_links":{"self":[{"href":"https:\/\/makeyourcake23.de\/index.php?rest_route=\/wp\/v2\/pages\/84","targetHints":{"allow":["GET"]}}],"collection":[{"href":"https:\/\/makeyourcake23.de\/index.php?rest_route=\/wp\/v2\/pages"}],"about":[{"href":"https:\/\/makeyourcake23.de\/index.php?rest_route=\/wp\/v2\/types\/page"}],"author":[{"embeddable":true,"href":"https:\/\/makeyourcake23.de\/index.php?rest_route=\/wp\/v2\/users\/1"}],"replies":[{"embeddable":true,"href":"https:\/\/makeyourcake23.de\/index.php?rest_route=%2Fwp%2Fv2%2Fcomments&post=84"}],"version-history":[{"count":19,"href":"https:\/\/makeyourcake23.de\/index.php?rest_route=\/wp\/v2\/pages\/84\/revisions"}],"predecessor-version":[{"id":759,"href":"https:\/\/makeyourcake23.de\/index.php?rest_route=\/wp\/v2\/pages\/84\/revisions\/759"}],"wp:attachment":[{"href":"https:\/\/makeyourcake23.de\/index.php?rest_route=%2Fwp%2Fv2%2Fmedia&parent=84"}],"curies":[{"name":"wp","href":"https:\/\/api.w.org\/{rel}","templated":true}]}}