{"id":606,"date":"2024-04-09T11:37:33","date_gmt":"2024-04-09T09:37:33","guid":{"rendered":"https:\/\/makeyourcake23.de\/?page_id=606"},"modified":"2025-06-29T21:54:33","modified_gmt":"2025-06-29T19:54:33","slug":"eventangebote","status":"publish","type":"page","link":"https:\/\/makeyourcake23.de\/?page_id=606","title":{"rendered":""},"content":{"rendered":"\n<p><\/p>\n\n\n\n<div class=\"wp-block-group alignfull has-global-padding wp-section-block wp-header-media has-base-background-color has-background is-layout-constrained wp-block-group-is-layout-constrained\" style=\"border-style:none;border-width:0px;border-radius:0px;min-height:0px;margin-top:2px\">\n<div class=\"wp-block-group alignfull has-global-padding wp-section-block wp-header-media has-base-background-color has-background is-layout-constrained wp-block-group-is-layout-constrained\" style=\"border-style:none;border-width:0px;border-radius:0px;min-height:0px;margin-top:2px\">\n<div class=\"wp-block-group alignwide wp-section-container-block is-layout-flow wp-block-group-is-layout-flow\">\n<div class=\"wp-block-group alignfull wp-section-content-block has-global-padding is-layout-constrained wp-container-core-group-is-layout-1 wp-block-group-is-layout-constrained\"><\/div>\n<\/div>\n<\/div>\n\n\n\n<div class=\"wp-block-group alignfull has-global-padding wp-section-block wp-header-media has-base-background-color has-background is-layout-constrained wp-block-group-is-layout-constrained\" style=\"border-style:none;border-width:0px;border-radius:0px;min-height:0px;margin-top:2px\">\n<div class=\"wp-block-group alignwide wp-section-container-block is-layout-flow wp-block-group-is-layout-flow\">\n<div class=\"wp-block-group alignfull wp-section-content-block is-layout-flow wp-container-core-group-is-layout-4 wp-block-group-is-layout-flow\"><\/div>\n<\/div>\n\n\n\n<div class=\"wp-block-group alignwide wp-block-post-group has-secondary-background-color has-background has-dancing-script-font-family is-vertical is-content-justification-center is-layout-flex wp-container-core-group-is-layout-7 wp-block-group-is-layout-flex\" style=\"border-style:none;border-width:0px;border-radius:0px;padding-top:var(--wp--preset--spacing--50);padding-right:var(--wp--preset--spacing--40);padding-bottom:var(--wp--preset--spacing--50);padding-left:var(--wp--preset--spacing--40)\">\n<figure class=\"wp-block-image aligncenter size-large is-resized is-style-rounded\"><img loading=\"lazy\" decoding=\"async\" width=\"576\" height=\"1024\" src=\"https:\/\/makeyourcake23.de\/wp-content\/uploads\/2024\/12\/20241019_134335-1-576x1024.jpg\" alt=\"\" class=\"wp-image-853\" style=\"width:276px;height:auto\" srcset=\"https:\/\/makeyourcake23.de\/wp-content\/uploads\/2024\/12\/20241019_134335-1-576x1024.jpg 576w, https:\/\/makeyourcake23.de\/wp-content\/uploads\/2024\/12\/20241019_134335-1-169x300.jpg 169w, https:\/\/makeyourcake23.de\/wp-content\/uploads\/2024\/12\/20241019_134335-1-768x1365.jpg 768w, https:\/\/makeyourcake23.de\/wp-content\/uploads\/2024\/12\/20241019_134335-1-864x1536.jpg 864w, https:\/\/makeyourcake23.de\/wp-content\/uploads\/2024\/12\/20241019_134335-1-1153x2048.jpg 1153w, https:\/\/makeyourcake23.de\/wp-content\/uploads\/2024\/12\/20241019_134335-1-600x1066.jpg 600w, https:\/\/makeyourcake23.de\/wp-content\/uploads\/2024\/12\/20241019_134335-1-scaled.jpg 1441w\" sizes=\"auto, (max-width: 576px) 100vw, 576px\" \/><\/figure>\n\n\n\n<div class=\"wp-block-group wp-block-entry-content is-layout-flow wp-container-core-group-is-layout-6 wp-block-group-is-layout-flow\">\n<h2 class=\"wp-block-heading has-text-align-center has-xxx-large-font-size\" style=\"font-style:normal;font-weight:900\">Team-Event \/ M\u00e4delsnight als &#8222;Macaron oder Tortenkurs&#8220;<\/h2>\n\n\n\n<p class=\"has-text-align-center has-dancing-script-font-family has-x-large-font-size\">Termine nach Absprache ab 3 &#8211; max 16 Personen<\/p>\n\n\n\n<p class=\"has-text-align-center has-large-font-size\"><a href=\"https:\/\/www.google.de\/url?sa=t&amp;rct=j&amp;q=&amp;esrc=s&amp;source=web&amp;cd=&amp;ved=2ahUKEwj7n9XBipSGAxUah_0HHWylCiEQ4kB6BAhwEAM&amp;url=%2Fmaps%2Fplace%2F%2Fdata%3D!4m2!3m1!1s0x47a2a0146e418e81%3A0x7e77a1600b052adb%3Fsa%3DX%26ved%3D1t%3A8290%26ictx%3D111&amp;usg=AOvVaw2hl5WoapdfAk8riNHb6r9I&amp;opi=89978449\">Wo:  <\/a><a href=\"https:\/\/www.google.de\/url?sa=t&amp;rct=j&amp;q=&amp;esrc=s&amp;source=web&amp;cd=&amp;ved=2ahUKEwiC-Pn-xP6JAxVbgf0HHSROIbQQ4kB6BAgiEAM&amp;url=%2Fmaps%2Fplace%2F%2Fdata%3D!4m2!3m1!1s0x47a298a9ffe514c1%3A0x65fd5df530e0445c%3Fsa%3DX%26ved%3D1t%3A8290%26ictx%3D111&amp;usg=AOvVaw3mZ7iJTlxZIWM5IheBRZO7&amp;opi=89978449\">Andreas-Kneucker-Stra\u00dfe 10, 97956 Werbac<\/a>h<\/p>\n\n\n\n<p class=\"has-text-align-center has-medium-font-size\">Ihr seit auf der Suche nach einem entspannten Abend im Team oder eine Gruppe von M\u00e4dels die einmal einen etwas anderen Tag verbringen m\u00f6chten, dann wartet dieses Kursangebot auf Euch!<\/p>\n\n\n\n<p class=\"has-text-align-center has-medium-font-size\">Dieses Angebot kann ab 3 Personen gebucht werden und findet an einem Termin eurer Wahl statt.<\/p>\n\n\n\n<p class=\"has-text-align-center has-medium-font-size\">Am Kurstag zeige ich den Teilnehmern\/innen wie Macaron\u00b4s oder Torten hergestellt werden und was es hier zu beachten gibt.<\/p>\n\n\n\n<p class=\"has-text-align-center has-medium-font-size\">Ich unterst\u00fctze bei jedem einzelnen Schritt und werde ein paar Tricks und Tipps verraten.<\/p>\n\n\n\n<p class=\"has-text-align-center has-large-font-size\">In der K\u00fchlpause bleibt Zeit f\u00fcr Entspannung und f\u00fcr das ein oder andere nette Gespr\u00e4ch.<\/p>\n\n\n\n<p class=\"has-text-align-center has-large-font-size\">Ab einer Anzahl von 6 Personen kann gerne ein individuelles Angebot f\u00fcr den Kurs erstellt werden, sprecht mich gerne darauf an.<\/p>\n\n\n\n<ul class=\"wp-block-list\">\n<li class=\"has-large-font-size\">Zutaten (Informationen zu Allergien bitte vorab zusenden)<\/li>\n\n\n\n<li class=\"has-large-font-size\">Zubeh\u00f6r, Materialien, Fondant und Ausdrucke falls gew\u00fcnscht<\/li>\n\n\n\n<li class=\"has-large-font-size\">F\u00fcllungen nach &#8222;Best of Ines&#8220; <\/li>\n\n\n\n<li class=\"has-large-font-size\">Auswahl der Lebensmittelfarben und Dekoelemente<\/li>\n\n\n\n<li class=\"has-large-font-size\">f\u00fcr jeden Teilnehmer gibt es eine gef\u00fcllte Macaronbox oder eine selbst gestapelte und dekorierte Torte zum mitnehmen<\/li>\n\n\n\n<li class=\"has-large-font-size\">Sekt und etwas zum Knabbern<\/li>\n<\/ul>\n\n\n\n<p class=\"has-x-large-font-size\">Kursdauer Macaronkurs 3 Std.<\/p>\n\n\n\n<p class=\"has-x-large-font-size\">Kursdauer Tortenkurs  5 Std.<\/p>\n\n\n\n<p>Ich freue mich sehr auf EUCH!<\/p>\n\n\n\n<p class=\"has-xx-large-font-size\">jetzt Angebot einholen<\/p>\n\n\n\n<div class=\"wp-block-buttons is-content-justification-left is-layout-flex wp-container-core-buttons-is-layout-1 wp-block-buttons-is-layout-flex\">\n<div class=\"wp-block-button has-custom-font-size is-style-fill has-large-font-size\"><a class=\"wp-block-button__link has-contrast-color has-text-color has-link-color has-text-align-center wp-element-button\" href=\"https:\/\/makeyourcake23.de\/?page_id=208\">Anfrage senden<\/a><\/div>\n<\/div>\n<\/div>\n<\/div>\n\n\n\n<div class=\"wp-block-group alignwide wp-block-post-group has-secondary-background-color has-background has-dancing-script-font-family is-vertical is-content-justification-center is-layout-flex wp-container-core-group-is-layout-9 wp-block-group-is-layout-flex\" style=\"border-style:none;border-width:0px;border-radius:0px;padding-top:var(--wp--preset--spacing--50);padding-right:var(--wp--preset--spacing--40);padding-bottom:var(--wp--preset--spacing--50);padding-left:var(--wp--preset--spacing--40)\">\n<figure class=\"wp-block-image aligncenter size-large is-resized is-style-rounded\"><img loading=\"lazy\" decoding=\"async\" width=\"576\" height=\"1024\" src=\"https:\/\/makeyourcake23.de\/wp-content\/uploads\/2024\/12\/20240815_111518-576x1024.jpg\" alt=\"\" class=\"wp-image-865\" style=\"width:206px;height:auto\" srcset=\"https:\/\/makeyourcake23.de\/wp-content\/uploads\/2024\/12\/20240815_111518-576x1024.jpg 576w, https:\/\/makeyourcake23.de\/wp-content\/uploads\/2024\/12\/20240815_111518-169x300.jpg 169w, https:\/\/makeyourcake23.de\/wp-content\/uploads\/2024\/12\/20240815_111518-768x1365.jpg 768w, https:\/\/makeyourcake23.de\/wp-content\/uploads\/2024\/12\/20240815_111518-864x1536.jpg 864w, https:\/\/makeyourcake23.de\/wp-content\/uploads\/2024\/12\/20240815_111518-1153x2048.jpg 1153w, https:\/\/makeyourcake23.de\/wp-content\/uploads\/2024\/12\/20240815_111518-600x1066.jpg 600w, https:\/\/makeyourcake23.de\/wp-content\/uploads\/2024\/12\/20240815_111518-scaled.jpg 1441w\" sizes=\"auto, (max-width: 576px) 100vw, 576px\" \/><\/figure>\n\n\n\n<div class=\"wp-block-group wp-block-entry-content is-layout-flow wp-container-core-group-is-layout-8 wp-block-group-is-layout-flow\">\n<h2 class=\"wp-block-heading has-text-align-center has-xxx-large-font-size\" style=\"font-style:normal;font-weight:900\">Kindergeburtstag &#8222;Macaronkurs&#8220; <\/h2>\n\n\n\n<p class=\"has-text-align-center has-x-large-font-size\">Termine nach Absprache<\/p>\n\n\n\n<p class=\"has-text-align-center\"><a href=\"https:\/\/www.google.de\/url?sa=t&amp;rct=j&amp;q=&amp;esrc=s&amp;source=web&amp;cd=&amp;ved=2ahUKEwj7n9XBipSGAxUah_0HHWylCiEQ4kB6BAhwEAM&amp;url=%2Fmaps%2Fplace%2F%2Fdata%3D!4m2!3m1!1s0x47a2a0146e418e81%3A0x7e77a1600b052adb%3Fsa%3DX%26ved%3D1t%3A8290%26ictx%3D111&amp;usg=AOvVaw2hl5WoapdfAk8riNHb6r9I&amp;opi=89978449\">Wo:  <\/a><a href=\"https:\/\/www.google.de\/url?sa=t&amp;rct=j&amp;q=&amp;esrc=s&amp;source=web&amp;cd=&amp;ved=2ahUKEwiC-Pn-xP6JAxVbgf0HHSROIbQQ4kB6BAgiEAM&amp;url=%2Fmaps%2Fplace%2F%2Fdata%3D!4m2!3m1!1s0x47a298a9ffe514c1%3A0x65fd5df530e0445c%3Fsa%3DX%26ved%3D1t%3A8290%26ictx%3D111&amp;usg=AOvVaw3mZ7iJTlxZIWM5IheBRZO7&amp;opi=89978449\">Andreas-Kneucker-Stra\u00dfe 10, 97956 Werbac<\/a>h <\/p>\n\n\n\n<p class=\"has-text-align-center has-medium-font-size\">Dein Kind hat Geburtstag und steht gerne in der K\u00fcche, andauernd m\u00f6chte es etwas neues ausprobieren.<\/p>\n\n\n\n<p class=\"has-text-align-center has-medium-font-size\">Wie w\u00e4re es mit Macaron\u00b4s?<\/p>\n\n\n\n<p class=\"has-text-align-center has-medium-font-size\">Bei diesem Kurs zeige ich den Kindern wie Macaron\u00b4s hergestellt werden und was es hier zu beachten gibt. Ich unterst\u00fctze beim aufspritzen der kreisf\u00f6rmigen Masse und werde ein paar Tricks und Tipps verraten.<\/p>\n\n\n\n<p class=\"has-text-align-center has-large-font-size\">Dieses Kursangebot ist f\u00fcr Kinder ab 9 Jahren bis maximal 16 Jahren <\/p>\n\n\n\n<p class=\"has-text-align-center has-large-font-size\">Die Mindestteilnehmeranzahl betr\u00e4gt hier 5 Kinder bis maximal 10 Kinder.<\/p>\n\n\n\n<ul class=\"wp-block-list\">\n<li class=\"has-large-font-size\">Zutaten (Informationen zu Allergien bitte vorab zusenden)<\/li>\n\n\n\n<li class=\"has-large-font-size\">Zubeh\u00f6r, Materialien<\/li>\n\n\n\n<li class=\"has-large-font-size\">2 F\u00fcllungen nach Best of Ines <\/li>\n\n\n\n<li class=\"has-large-font-size\">Auswahl der Lebensmittelfarben f\u00fcr die Macarons<\/li>\n\n\n\n<li class=\"has-large-font-size\">f\u00fcr jedes Kind gibt es eine gef\u00fcllte Macaronbox zum mitnehmen<\/li>\n\n\n\n<li class=\"has-large-font-size\">jeweils eine Capri Sonne und einen Obstteller<\/li>\n<\/ul>\n\n\n\n<p class=\"has-x-large-font-size\">Kursdauer 3 Std.<\/p>\n\n\n\n<p>Ich freue mich sehr auf EUCH!<\/p>\n\n\n\n<p class=\"has-xx-large-font-size\">Kursgeb\u00fchr pro Kind 22\u20ac<\/p>\n\n\n\n<p>Optional buchbar: eine Torte mit dem Wunschmotiv f\u00fcr die Kinder (bitte bei der Buchung mit angeben)<\/p>\n\n\n\n<div class=\"wp-block-buttons is-content-justification-left is-layout-flex wp-container-core-buttons-is-layout-2 wp-block-buttons-is-layout-flex\">\n<div class=\"wp-block-button has-custom-font-size is-style-fill has-large-font-size\"><a class=\"wp-block-button__link has-contrast-color has-text-color has-link-color has-text-align-center wp-element-button\" href=\"https:\/\/makeyourcake23.de\/?page_id=208\">Anfrage senden<\/a><\/div>\n<\/div>\n<\/div>\n<\/div>\n<\/div>\n<\/div>\n\n\n\n<div class=\"wp-block-group alignfull wp-section-block wp-services has-dancing-script-font-family is-layout-flow wp-block-group-is-layout-flow\" style=\"border-style:none;border-width:0px;border-radius:0px;padding-top:var(--wp--preset--spacing--80)\">\n<p><\/p>\n<\/div>\n\n\n\n<div class=\"wp-block-group alignfull wp-section-block wp-services has-dancing-script-font-family has-base-background-color has-background has-large-font-size has-global-padding is-content-justification-center is-layout-constrained wp-block-group-is-layout-constrained wp-container-7 is-position-sticky\" style=\"margin-top:0;margin-bottom:0;padding-top:0\"><\/div>\n","protected":false},"excerpt":{"rendered":"<p>Team-Event \/ M\u00e4delsnight als &#8222;Macaron oder Tortenkurs&#8220; Termine nach Absprache ab 3 &#8211; max 16 Personen Wo: Andreas-Kneucker-Stra\u00dfe 10, 97956 Werbach Ihr seit auf der Suche nach einem entspannten Abend [&hellip;]<\/p>\n","protected":false},"author":1,"featured_media":0,"parent":0,"menu_order":0,"comment_status":"closed","ping_status":"closed","template":"","meta":{"pgc_sgb_lightbox_settings":"","_EventAllDay":false,"_EventTimezone":"","_EventStartDate":"","_EventEndDate":"","_EventStartDateUTC":"","_EventEndDateUTC":"","_EventShowMap":false,"_EventShowMapLink":false,"_EventURL":"","_EventCost":"","_EventCostDescription":"","_EventCurrencySymbol":"","_EventCurrencyCode":"","_EventCurrencyPosition":"","_EventDateTimeSeparator":"","_EventTimeRangeSeparator":"","_EventOrganizerID":[],"_EventVenueID":[],"_OrganizerEmail":"","_OrganizerPhone":"","_OrganizerWebsite":"","_VenueAddress":"","_VenueCity":"","_VenueCountry":"","_VenueProvince":"","_VenueState":"","_VenueZip":"","_VenuePhone":"","_VenueURL":"","_VenueStateProvince":"","_VenueLat":"","_VenueLng":"","_VenueShowMap":false,"_VenueShowMapLink":false,"footnotes":""},"class_list":["post-606","page","type-page","status-publish","hentry"],"jetpack_sharing_enabled":true,"_links":{"self":[{"href":"https:\/\/makeyourcake23.de\/index.php?rest_route=\/wp\/v2\/pages\/606","targetHints":{"allow":["GET"]}}],"collection":[{"href":"https:\/\/makeyourcake23.de\/index.php?rest_route=\/wp\/v2\/pages"}],"about":[{"href":"https:\/\/makeyourcake23.de\/index.php?rest_route=\/wp\/v2\/types\/page"}],"author":[{"embeddable":true,"href":"https:\/\/makeyourcake23.de\/index.php?rest_route=\/wp\/v2\/users\/1"}],"replies":[{"embeddable":true,"href":"https:\/\/makeyourcake23.de\/index.php?rest_route=%2Fwp%2Fv2%2Fcomments&post=606"}],"version-history":[{"count":86,"href":"https:\/\/makeyourcake23.de\/index.php?rest_route=\/wp\/v2\/pages\/606\/revisions"}],"predecessor-version":[{"id":1040,"href":"https:\/\/makeyourcake23.de\/index.php?rest_route=\/wp\/v2\/pages\/606\/revisions\/1040"}],"wp:attachment":[{"href":"https:\/\/makeyourcake23.de\/index.php?rest_route=%2Fwp%2Fv2%2Fmedia&parent=606"}],"curies":[{"name":"wp","href":"https:\/\/api.w.org\/{rel}","templated":true}]}}