{"id":21,"date":"2023-10-22T18:20:47","date_gmt":"2023-10-22T16:20:47","guid":{"rendered":"https:\/\/makeyourcake23.de\/?page_id=21"},"modified":"2023-12-07T09:10:21","modified_gmt":"2023-12-07T08:10:21","slug":"impressum","status":"publish","type":"page","link":"https:\/\/makeyourcake23.de\/?page_id=21","title":{"rendered":"Impressum"},"content":{"rendered":"\n<p class=\"has-contrast-color has-text-color has-link-color has-x-large-font-size wp-elements-41b82bb84f0a2553237cbc1660f365b3\"><strong>Verantwortlich f\u00fcr die Inhalte gem. \u00a75 TMG<\/strong><\/p>\n\n\n\n<p><\/p>\n\n\n\n<p class=\"has-link-color has-normal-font-size wp-elements-107bf158adddfb3847372c9110527d98\">Ines Erbacher <\/p>\n\n\n\n<p class=\"has-link-color has-normal-font-size wp-elements-b0bcb1aa5d29246d93dd1b9e19677492\">Wolfstal 17 <br>97956 Werbach<br>Telefon: +49 178 5708488<\/p>\n\n\n\n<p><\/p>\n\n\n\n<p class=\"has-link-color has-normal-font-size wp-elements-59f31148af3c9d01c62dcc4725841de2\"><strong>Kontakt:<\/strong><br>E-Mail: info@makeyourcake23.de  <\/p>\n\n\n\n<p><\/p>\n\n\n\n<p class=\"has-link-color has-normal-font-size wp-elements-a0f4565e6764c7a2470fc912f7a52640\">Gem\u00e4\u00df Kleinunternehmerstatus nach \u00a7 19 UStG wird die Mehrwertsteuer nicht ausgewiesen. <\/p>\n\n\n\n<p class=\"has-link-color has-normal-font-size wp-elements-3757907785d4312a50be733e9d8405bc\">Plattform der EU-Kommission zur Online-Streitbeilegung: <br>https:\/\/ec.europa.eu\/consumers\/odr <\/p>\n\n\n\n<p class=\"has-link-color has-normal-font-size wp-elements-549c95619d7de923a2c0dc93d82253c3\"><br>Ich bin zur Teilnahme an einem Streitbeilegungsverfahren vor einer Verbraucherschlichtungsstelle weder verpflichtet noch bereit.<\/p>\n\n\n\n<p><\/p>\n\n\n\n<p><\/p>\n\n\n\n<p class=\"has-contrast-color has-text-color has-link-color has-x-large-font-size wp-elements-85c81c1a4b91c1ccf03a3bf7ea198e21\"><strong>Haftung f\u00fcr Inhalte<\/strong><\/p>\n\n\n\n<p class=\"has-link-color has-normal-font-size wp-elements-eb858a3328149ad9b73b65b7af54e29b\">Als Dienstleisteranbieter sind wir gem\u00e4\u00df \u00a7 7 Abs. 1 TMG f\u00fcr eigene Inhalte auf diesen Seiten nach den allgemeinen Gesetzen verantwortlich. Nach \u00a7 8 bis \u00a710 TMG sind wir als Dienstleister jedoch nicht verpflichtet, \u00fcbermittelte oder gespeicherte fremde Informationen zu \u00fcberwachen oder nach Umst\u00e4nden zu forschen, die auf eine rechtswidrige T\u00e4tigkeit hinweisen.<\/p>\n\n\n\n<p class=\"has-link-color has-normal-font-size wp-elements-91fbda4252d5715c2606ee2440ed0d54\">Die T\u00e4tigkeit zur Sperrung oder Entfernung von Inhalten\/Informationen sind hiervon nicht betroffen. Eine Haftung diesbez\u00fcglich ist erst ab einer konkreten Rechtsverletzung m\u00f6glich und werden diese ab Bekanntwerden unverz\u00fcglich entfernen.<\/p>\n\n\n\n<p><\/p>\n\n\n\n<p class=\"has-contrast-color has-text-color has-link-color has-x-large-font-size wp-elements-60e087773bcf42d9e1b78b63fd027cdb\"><strong>Haftung f\u00fcr Links<\/strong><\/p>\n\n\n\n<p class=\"has-link-color has-normal-font-size wp-elements-e88d396691c0f043b1c42da3d76b07c2\">Unsere Webseite enth\u00e4lt Links zu externen Webseiten, wir haben auf deren keinen Einfluss deshalb k\u00f6nnen wir f\u00fcr diese fremden Inhalte auch keine Gew\u00e4hr \u00fcbernehmen.F\u00fcr alle Inhalte auf der verlinkten Seite ist der Inhaber\/ Anbieter oder Betreiber verantwortlich. Alle verlinkten Seiten wurden zum Zeitpunkt der Ver\u00f6ffentlichung gepr\u00fcft und weisen keine Rechtsverst\u00f6\u00dfe auf, es sind somit keine rechtswidrigen Inhalte zu erkennen. Eine permanente inhaltliche Kontrolle der verlinkten Seiten ist jedoch ohne Konkrete Anhaltspunkte einer Rechtsverletzung nicht zumutbar. Sobald es Verletzungen geben wir werden wir die Verlinkungen sofort entfernen. <\/p>\n\n\n\n<p class=\"has-contrast-color has-text-color has-link-color has-normal-font-size wp-elements-a682d16fffbd51c21fb0c9ea33ae1a18\">Urheberrecht<\/p>\n\n\n\n<p class=\"has-link-color has-normal-font-size wp-elements-8ef02d05762629be8f4caa85f8890312\">Die durch die Seitenbetreiber erstellten Inhalte und Werke auf diesen Seiten unterliegen dem deutschen Urheberrecht. Die Vervielf\u00e4ltigung, Verbreitung, Bearbeitung und jegliche Verbreitung au\u00dferhalb der gesetzlichen Rechts des Urheberrechts bed\u00fcrfen der schriftlichen Zustimmung des Erstellers.<\/p>\n\n\n\n<p class=\"has-link-color has-normal-font-size wp-elements-7a2ecf629f6756e8a7985a41a3304148\">Downloads der Medien sowie Kopien aller Art sind auf dieser Seite nicht gestattet. Inhalte Dritter werden auf dieser Webseite gekennzeichnet, sollten sie dennoch \u00fcber Urheberrechtsverletzungen aufmerksam geworden sein, bitten wir um einen entsprechenden Hinweis. Derartige Verletzungen werden umgehend entfernt.<\/p>\n\n\n\n<p class=\"has-link-color has-normal-font-size wp-elements-28dead5747d48833c9e279dd2c499be0\"><\/p>\n\n\n\n<p class=\"has-link-color has-normal-font-size wp-elements-28dead5747d48833c9e279dd2c499be0\"><\/p>\n","protected":false},"excerpt":{"rendered":"<p>Verantwortlich f\u00fcr die Inhalte gem. \u00a75 TMG Ines Erbacher Wolfstal 17 97956 WerbachTelefon: +49 178 5708488 Kontakt:E-Mail: info@makeyourcake23.de Gem\u00e4\u00df Kleinunternehmerstatus nach \u00a7 19 UStG wird die Mehrwertsteuer nicht ausgewiesen. Plattform [&hellip;]<\/p>\n","protected":false},"author":1,"featured_media":0,"parent":0,"menu_order":0,"comment_status":"closed","ping_status":"closed","template":"","meta":{"pgc_sgb_lightbox_settings":"","_EventAllDay":false,"_EventTimezone":"","_EventStartDate":"","_EventEndDate":"","_EventStartDateUTC":"","_EventEndDateUTC":"","_EventShowMap":false,"_EventShowMapLink":false,"_EventURL":"","_EventCost":"","_EventCostDescription":"","_EventCurrencySymbol":"","_EventCurrencyCode":"","_EventCurrencyPosition":"","_EventDateTimeSeparator":"","_EventTimeRangeSeparator":"","_EventOrganizerID":[],"_EventVenueID":[],"_OrganizerEmail":"","_OrganizerPhone":"","_OrganizerWebsite":"","_VenueAddress":"","_VenueCity":"","_VenueCountry":"","_VenueProvince":"","_VenueState":"","_VenueZip":"","_VenuePhone":"","_VenueURL":"","_VenueStateProvince":"","_VenueLat":"","_VenueLng":"","_VenueShowMap":false,"_VenueShowMapLink":false,"footnotes":""},"class_list":["post-21","page","type-page","status-publish","hentry"],"jetpack_sharing_enabled":true,"_links":{"self":[{"href":"https:\/\/makeyourcake23.de\/index.php?rest_route=\/wp\/v2\/pages\/21","targetHints":{"allow":["GET"]}}],"collection":[{"href":"https:\/\/makeyourcake23.de\/index.php?rest_route=\/wp\/v2\/pages"}],"about":[{"href":"https:\/\/makeyourcake23.de\/index.php?rest_route=\/wp\/v2\/types\/page"}],"author":[{"embeddable":true,"href":"https:\/\/makeyourcake23.de\/index.php?rest_route=\/wp\/v2\/users\/1"}],"replies":[{"embeddable":true,"href":"https:\/\/makeyourcake23.de\/index.php?rest_route=%2Fwp%2Fv2%2Fcomments&post=21"}],"version-history":[{"count":10,"href":"https:\/\/makeyourcake23.de\/index.php?rest_route=\/wp\/v2\/pages\/21\/revisions"}],"predecessor-version":[{"id":445,"href":"https:\/\/makeyourcake23.de\/index.php?rest_route=\/wp\/v2\/pages\/21\/revisions\/445"}],"wp:attachment":[{"href":"https:\/\/makeyourcake23.de\/index.php?rest_route=%2Fwp%2Fv2%2Fmedia&parent=21"}],"curies":[{"name":"wp","href":"https:\/\/api.w.org\/{rel}","templated":true}]}}